{"id":432,"date":"2022-05-26T14:17:56","date_gmt":"2022-05-26T12:17:56","guid":{"rendered":"https:\/\/b-metal.hu\/?page_id=432"},"modified":"2025-03-24T16:18:04","modified_gmt":"2025-03-24T15:18:04","slug":"minosegbiztositas","status":"publish","type":"page","link":"https:\/\/b-metal.hu\/en\/minosegbiztositas\/","title":{"rendered":"Quality Assurance"},"content":{"rendered":"<p>[et_pb_section fb_built=&#8221;1&#8243; custom_padding_last_edited=&#8221;off|desktop&#8221; admin_label=&#8221;Header&#8221; _builder_version=&#8221;4.17.4&#8243; _module_preset=&#8221;default&#8221; use_background_color_gradient=&#8221;on&#8221; background_color_gradient_direction=&#8221;90deg&#8221; background_color_gradient_stops=&#8221;rgba(10,0,0,0.46) 0%|rgba(10,0,0,0.61) 100%&#8221; background_color_gradient_overlays_image=&#8221;on&#8221; background_image=&#8221;http:\/\/b-metal.hu\/wp-content\/uploads\/2022\/05\/b-metal-main.jpg&#8221; custom_padding=&#8221;1vw||1vw||true|false&#8221; custom_padding_tablet=&#8221;||||false|false&#8221; custom_padding_phone=&#8221;||||false|false&#8221; global_colors_info=&#8221;{}&#8221;][et_pb_row _builder_version=&#8221;4.17.4&#8243; _module_preset=&#8221;default&#8221; custom_padding=&#8221;4%|4%|4%|4%|true|true&#8221; border_color_all=&#8221;#001F3D&#8221; border_width_bottom=&#8221;5px&#8221; border_color_bottom=&#8221;#0052A3&#8243; border_width_left=&#8221;5px&#8221; border_color_left=&#8221;#0052A3&#8243; global_colors_info=&#8221;{}&#8221;][et_pb_column type=&#8221;4_4&#8243; _builder_version=&#8221;4.16&#8243; _module_preset=&#8221;default&#8221; custom_padding_tablet=&#8221;|||30px|false|false&#8221; custom_padding_last_edited=&#8221;off|desktop&#8221; global_colors_info=&#8221;{}&#8221;][et_pb_text _builder_version=&#8221;4.17.4&#8243; _module_preset=&#8221;default&#8221; header_2_font=&#8221;|||on|||||&#8221; header_2_text_color=&#8221;#FFFFFF&#8221; header_2_font_size=&#8221;60px&#8221; header_2_letter_spacing=&#8221;2px&#8221; header_2_line_height=&#8221;1.3em&#8221; header_3_font=&#8221;|||||on|||&#8221; header_3_text_color=&#8221;#FFFFFF&#8221; custom_margin=&#8221;||0px||false|false&#8221; custom_padding_tablet=&#8221;|||0px|false|false&#8221; custom_padding_last_edited=&#8221;off|desktop&#8221; header_2_font_size_tablet=&#8221;40px&#8221; header_2_font_size_phone=&#8221;24px&#8221; header_2_font_size_last_edited=&#8221;on|phone&#8221; border_color_right=&#8221;#0052A3&#8243; locked=&#8221;off&#8221; global_colors_info=&#8221;{}&#8221;]<\/p>\n<h3><\/h3>\n<h2>Min\u0151s\u00e9gbiztos\u00edt\u00e1s<\/h2>\n<p>[\/et_pb_text][\/et_pb_column][\/et_pb_row][\/et_pb_section][et_pb_section fb_built=&#8221;1&#8243; custom_padding_last_edited=&#8221;off|desktop&#8221; admin_label=&#8221;About&#8221; _builder_version=&#8221;4.17.4&#8243; _module_preset=&#8221;default&#8221; custom_padding=&#8221;||||false|false&#8221; custom_padding_tablet=&#8221;80px||||false|false&#8221; custom_padding_phone=&#8221;40px||||false|false&#8221; locked=&#8221;off&#8221; global_colors_info=&#8221;{}&#8221;][et_pb_row _builder_version=&#8221;4.17.4&#8243; _module_preset=&#8221;default&#8221; global_colors_info=&#8221;{}&#8221;][et_pb_column type=&#8221;4_4&#8243; _builder_version=&#8221;4.17.4&#8243; _module_preset=&#8221;default&#8221; global_colors_info=&#8221;{}&#8221;][et_pb_text _builder_version=&#8221;4.17.4&#8243; _module_preset=&#8221;default&#8221; text_font=&#8221;|600|||||||&#8221; header_2_font=&#8221;|||||on|||&#8221; header_2_text_color=&#8221;#0052A3&#8243; header_2_font_size=&#8221;60px&#8221; header_2_letter_spacing=&#8221;2px&#8221; header_2_line_height=&#8221;1.3em&#8221; custom_padding=&#8221;||0px|||&#8221; custom_padding_tablet=&#8221;|||0px|false|false&#8221; custom_padding_last_edited=&#8221;off|desktop&#8221; header_2_font_size_tablet=&#8221;40px&#8221; header_2_font_size_phone=&#8221;24px&#8221; header_2_font_size_last_edited=&#8221;on|phone&#8221; locked=&#8221;off&#8221; global_colors_info=&#8221;{}&#8221;]<\/p>\n<h2>Min\u0151s\u00e9gpolitika<\/h2>\n<p>[\/et_pb_text][\/et_pb_column][\/et_pb_row][et_pb_row _builder_version=&#8221;4.17.4&#8243; _module_preset=&#8221;default&#8221; global_colors_info=&#8221;{}&#8221;][et_pb_column type=&#8221;4_4&#8243; _builder_version=&#8221;4.17.4&#8243; _module_preset=&#8221;default&#8221; global_colors_info=&#8221;{}&#8221;][et_pb_text _builder_version=&#8221;4.17.4&#8243; _module_preset=&#8221;default&#8221; text_text_color=&#8221;#002952&#8243; text_font_size=&#8221;16px&#8221; text_line_height=&#8221;2em&#8221; header_2_font=&#8221;|300||on|||||&#8221; header_2_text_color=&#8221;#0052A3&#8243; header_2_font_size=&#8221;60px&#8221; header_2_letter_spacing=&#8221;2px&#8221; header_2_line_height=&#8221;1.3em&#8221; custom_margin=&#8221;||||false|false&#8221; custom_padding=&#8221;||||false|false&#8221; text_font_size_tablet=&#8221;14px&#8221; text_font_size_phone=&#8221;14px&#8221; text_font_size_last_edited=&#8221;on|phone&#8221; header_2_font_size_tablet=&#8221;40px&#8221; header_2_font_size_phone=&#8221;24px&#8221; header_2_font_size_last_edited=&#8221;on|phone&#8221; border_color_right=&#8221;#0052A3&#8243; border_color_bottom=&#8221;#0052A3&#8243; global_colors_info=&#8221;{}&#8221;]<\/p>\n<p style=\"text-align: justify;\">A B-METAL KFT vezet\u0151s\u00e9ge elk\u00f6telezte mag\u00e1t, hogy min\u0151s\u00e9gir\u00e1ny\u00edt\u00e1si rendszer\u00e9ben az \u00faj MSZ EN ISO 9001:2015 szabv\u00e1nyt bevezeti \u00e9s annak el\u0151\u00edr\u00e1sait k\u00f6vetve m\u0171k\u00f6dteti. Ezzel \u00f6sszef\u00fcgg\u00e9sben hirdeti meg min\u0151s\u00e9gpolitik\u00e1j\u00e1t:<\/p>\n<p style=\"text-align: justify;\">Vev\u0151ink el\u00e9gedetts\u00e9g\u00e9nek el\u00e9r\u00e9se, megtart\u00e1sa \u00e9s n\u00f6vel\u00e9se \u00e9rdek\u00e9ben gy\u00e1rt\u00e1si \u00e9s kereskedelmi tev\u00e9kenys\u00e9g\u00fcnkben a min\u0151s\u00e9gi munkav\u00e9gz\u00e9st els\u0151dleges c\u00e9lnak tekintj\u00fck. Ennek megval\u00f3s\u00edt\u00e1s\u00e1hoz eszk\u00f6z az MSZ EN ISO 9001:2015 szabv\u00e1ny szerinti min\u0151s\u00e9gir\u00e1ny\u00edt\u00e1si rendszer bevezet\u00e9se, fenntart\u00e1sa \u00e9s fejleszt\u00e9se.<\/p>\n<p style=\"text-align: justify;\">A megk\u00edv\u00e1nt min\u0151s\u00e9g biztos\u00edt\u00e1sa \u00e9rdek\u00e9ben ellen\u0151rizz\u00fck \u00e9s dokument\u00e1ljuk tev\u00e9kenys\u00e9g\u00fcnk teljes folyamat\u00e1t. Folyamatosan t\u00f6reksz\u00fcnk vev\u0151i ig\u00e9nyek min\u00e9l pontosabb megismer\u00e9s\u00e9re, v\u00e1ltoz\u00e1sainak k\u00f6vet\u00e9s\u00e9re.<\/p>\n<p style=\"text-align: justify;\">K\u00fcl\u00f6n\u00f6sen nagy hangs\u00falyt helyez\u00fcnk a rendszeres min\u0151s\u00e9gir\u00e1ny\u00edt\u00e1si \u00e9s szakmai tov\u00e1bbk\u00e9pz\u00e9sek megszervez\u00e9s\u00e9re, hogy minden munkat\u00e1rsunkban fejlessz\u00fck a min\u0151s\u00e9gtudatot, a min\u0151s\u00e9g ir\u00e1nti elk\u00f6telezetts\u00e9get, valamint a szakmai hozz\u00e1\u00e9rt\u00e9st, ig\u00e9nyess\u00e9get.<\/p>\n<p style=\"text-align: justify;\">Elv\u00e1rjuk ugyanakkor minden munkav\u00e1llal\u00f3nkt\u00f3l, illetve sz\u00e1munkra k\u00fcls\u0151 szolg\u00e1ltat\u00e1st ny\u00fajt\u00f3 munkat\u00e1rsainkt\u00f3l, hogy munk\u00e1ja min\u0151s\u00e9g\u00e9t folyamatosan jav\u00edtsa, eredm\u00e9nyes egy\u00fcttm\u0171k\u00f6d\u00e9s\u00e9vel el\u0151seg\u00edtse a hat\u00e9kony munkav\u00e9gz\u00e9st. Minden munkav\u00e1llal\u00f3nk saj\u00e1t nev\u00e9vel is v\u00e1llalja munk\u00e1ja min\u0151s\u00e9g\u00e9\u00e9rt a felel\u0151ss\u00e9get.<\/p>\n<p style=\"text-align: justify;\">Szerz\u0151d\u00e9ses kapcsolatainkban biztos\u00edtjuk a min\u0151s\u00e9gi k\u00f6vetelm\u00e9nyek meghat\u00e1roz\u00e1s\u00e1t, a besz\u00e1ll\u00edt\u00f3inkt\u00f3l elv\u00e1rjuk az el\u0151\u00edrt min\u0151s\u00e9g folyamatos teljes\u00edt\u00e9s\u00e9t, kiv\u00e1laszt\u00e1sukn\u00e1l az elv\u00e1rt min\u0151s\u00e9g biztos\u00edt\u00e1sa els\u0151dleges c\u00e9l.<\/p>\n<p style=\"text-align: justify;\">A rendszer \u00e1ltal biztos\u00edtott megfelel\u0151ss\u00e9g eset\u00e9n versenyk\u00e9pess\u00e9g\u00fcnk \u00e9s piaci alkalmazkod\u00f3 k\u00e9pess\u00e9g\u00fcnk javul\u00e1s\u00e1val sz\u00e1molunk, mely egy\u00fattal gazd\u00e1lkod\u00e1sunk stabilit\u00e1s\u00e1ban \u00e9s eredm\u00e9nyeiben is kell, hogy t\u00fckr\u00f6z\u0151dj\u00f6n.<\/p>\n<p style=\"text-align: justify;\">Min\u0151s\u00e9gir\u00e1ny\u00edt\u00e1si rendszer\u00fcnk k\u00fcls\u0151 megismertet\u00e9se \u00e9rdek\u00e9ben min\u0151s\u00e9gpolitik\u00e1nkat \u00e9s a min\u0151s\u00e9gir\u00e1ny\u00edt\u00e1si rendszer kapcs\u00e1n el\u00e9rt eredm\u00e9nyeinket a vev\u0151k\u00f6rrel megismertetj\u00fck.<\/p>\n<p style=\"text-align: justify;\">Min\u0151s\u00e9gir\u00e1ny\u00edt\u00e1si rendszer\u00fcnk folyamatos fejleszt\u00e9se \u00e9rdek\u00e9ben a min\u0151s\u00e9gc\u00e9lok megval\u00f3s\u00edt\u00e1s\u00e1t min\u0151s\u00e9g\u00fcgyi tervekben fogalmazzuk meg \u00e9s tessz\u00fck k\u00f6zz\u00e9. Ezen tervek v\u00e9grehajt\u00e1s\u00e1t minden egyes munkav\u00e1llal\u00f3nkt\u00f3l megk\u00f6vetelj\u00fck.<\/p>\n<p style=\"text-align: justify;\">Min\u0151s\u00e9gpolitik\u00e1nkban megfogalmazott sz\u00e1nd\u00e9kainkat \u00e9s elk\u00f6telezetts\u00e9geinket ezennel szem\u00e9lyesen is meger\u0151s\u00edtve v\u00e1llalom, a Min\u0151s\u00e9gir\u00e1ny\u00edt\u00e1si k\u00e9zik\u00f6nyvben r\u00e1m ruh\u00e1zott felel\u0151ss\u00e9g \u00e1ltal. Hiszem, hogy a tervszer\u0171, folyamatosan magas min\u0151s\u00e9g\u0171 teljes\u00edtm\u00e9nnyel ki\u00e9rdemelt \u00e9s vev\u0151ink \u00e1ltal is elismert sikerre minden munkat\u00e1rsunk b\u00fcszke lehet.<\/p>\n<p style=\"text-align: justify;\">A min\u0151s\u00e9get alapvet\u0151en befoly\u00e1sol\u00f3 munkahelyi k\u00f6r\u00fclm\u00e9nyeket, az infrastrukt\u00far\u00e1t az ig\u00e9nyeknek megfelel\u0151en folyamatosan fejlesztj\u00fck, bele\u00e9rtve a dolgoz\u00f3inkr\u00f3l val\u00f3 szoci\u00e1lis gondoskod\u00e1st is.<\/p>\n<p style=\"text-align: justify;\">\n<p style=\"text-align: justify;\">J\u00e1szkis\u00e9r, 2018.01.05<\/p>\n<p style=\"text-align: right;\">Boly\u00f3s Csaba<\/p>\n<p style=\"text-align: right;\">\u00a0\u00fcgyvezet\u0151<\/p>\n<p>[\/et_pb_text][\/et_pb_column][\/et_pb_row][\/et_pb_section][et_pb_section fb_built=&#8221;1&#8243; _builder_version=&#8221;4.17.4&#8243; _module_preset=&#8221;default&#8221; background_color=&#8221;#efefef&#8221; global_colors_info=&#8221;{}&#8221;][et_pb_row _builder_version=&#8221;4.17.4&#8243; _module_preset=&#8221;default&#8221; global_colors_info=&#8221;{}&#8221;][et_pb_column type=&#8221;4_4&#8243; _builder_version=&#8221;4.17.4&#8243; _module_preset=&#8221;default&#8221; global_colors_info=&#8221;{}&#8221;][et_pb_text _builder_version=&#8221;4.17.4&#8243; _module_preset=&#8221;default&#8221; text_font=&#8221;|600|||||||&#8221; header_2_font=&#8221;|||||on|||&#8221; header_2_text_color=&#8221;#0052A3&#8243; header_2_font_size=&#8221;60px&#8221; header_2_letter_spacing=&#8221;2px&#8221; header_2_line_height=&#8221;1.3em&#8221; custom_padding=&#8221;||40px|||&#8221; custom_padding_tablet=&#8221;|||0px|false|false&#8221; custom_padding_last_edited=&#8221;off|desktop&#8221; header_2_font_size_tablet=&#8221;40px&#8221; header_2_font_size_phone=&#8221;24px&#8221; header_2_font_size_last_edited=&#8221;on|phone&#8221; locked=&#8221;off&#8221; global_colors_info=&#8221;{}&#8221;]<\/p>\n<h2>Tan\u00fas\u00edtv\u00e1nyaink<\/h2>\n<p>[\/et_pb_text][\/et_pb_column][\/et_pb_row][et_pb_row column_structure=&#8221;1_2,1_2&#8243; _builder_version=&#8221;4.24.3&#8243; _module_preset=&#8221;default&#8221; global_colors_info=&#8221;{}&#8221;][et_pb_column type=&#8221;1_2&#8243; _builder_version=&#8221;4.17.4&#8243; _module_preset=&#8221;default&#8221; global_colors_info=&#8221;{}&#8221;][et_pb_image src=&#8221;https:\/\/b-metal.hu\/wp-content\/uploads\/2024\/04\/ISO-9001_2024_2027-03-04-ig-ervenyes.jpg&#8221; title_text=&#8221;ISO-9001_2024_2027-03-04-ig-\u00e9rv\u00e9nyes&#8221; _builder_version=&#8221;4.24.3&#8243; _module_preset=&#8221;default&#8221; global_colors_info=&#8221;{}&#8221;][\/et_pb_image][\/et_pb_column][et_pb_column type=&#8221;1_2&#8243; _builder_version=&#8221;4.17.4&#8243; _module_preset=&#8221;default&#8221; global_colors_info=&#8221;{}&#8221;][\/et_pb_column][\/et_pb_row][et_pb_row column_structure=&#8221;1_2,1_2&#8243; _builder_version=&#8221;4.24.3&#8243; _module_preset=&#8221;default&#8221; global_colors_info=&#8221;{}&#8221;][et_pb_column type=&#8221;1_2&#8243; _builder_version=&#8221;4.17.4&#8243; _module_preset=&#8221;default&#8221; global_colors_info=&#8221;{}&#8221;][et_pb_image src=&#8221;https:\/\/b-metal.hu\/wp-content\/uploads\/2024\/04\/ISO-9001_2015_Certificate_2027-03-04-ig-ervenyes.jpg&#8221; title_text=&#8221;ISO-9001_2015_Certificate_2027-03-04-ig-\u00e9rv\u00e9nyes&#8221; _builder_version=&#8221;4.24.3&#8243; _module_preset=&#8221;default&#8221; global_colors_info=&#8221;{}&#8221;][\/et_pb_image][\/et_pb_column][et_pb_column type=&#8221;1_2&#8243; _builder_version=&#8221;4.17.4&#8243; _module_preset=&#8221;default&#8221; global_colors_info=&#8221;{}&#8221;][et_pb_image src=&#8221;https:\/\/b-metal.hu\/wp-content\/uploads\/2024\/04\/ISO-9001_2015_Zertificate_2027-03-04-ig-ervenyes.jpg&#8221; title_text=&#8221;ISO-9001_2015_Zertificate_2027-03-04-ig-\u00e9rv\u00e9nyes&#8221; _builder_version=&#8221;4.24.3&#8243; _module_preset=&#8221;default&#8221; global_colors_info=&#8221;{}&#8221;][\/et_pb_image][\/et_pb_column][\/et_pb_row][et_pb_row column_structure=&#8221;1_2,1_2&#8243; _builder_version=&#8221;4.17.4&#8243; _module_preset=&#8221;default&#8221; global_colors_info=&#8221;{}&#8221;][et_pb_column type=&#8221;1_2&#8243; _builder_version=&#8221;4.17.4&#8243; _module_preset=&#8221;default&#8221; global_colors_info=&#8221;{}&#8221;][et_pb_image src=&#8221;https:\/\/b-metal.hu\/wp-content\/uploads\/2025\/03\/B-METAL-CL1-Tanusitvany-Vasuti-Jarmuvek-es-reszegysegeik-hegesztese_TUV_2025.03.18._1.jpg&#8221; title_text=&#8221;B-METAL CL1 Tan\u00fas\u00edtv\u00e1ny Vas\u00fati J\u00e1rm\u0171vek \u00e9s r\u00e9szegys\u00e9geik hegeszt\u00e9se_T\u00dcV_2025.03.18._1&#8243; _builder_version=&#8221;4.27.4&#8243; _module_preset=&#8221;default&#8221; hover_enabled=&#8221;0&#8243; global_colors_info=&#8221;{}&#8221; sticky_enabled=&#8221;0&#8243;][\/et_pb_image][\/et_pb_column][et_pb_column type=&#8221;1_2&#8243; _builder_version=&#8221;4.17.4&#8243; _module_preset=&#8221;default&#8221; global_colors_info=&#8221;{}&#8221;][et_pb_image src=&#8221;https:\/\/b-metal.hu\/wp-content\/uploads\/2025\/03\/B-METAL-CL1-Zertifikat_Vasuti-Jarmuvek-es-reszegysegeik-hegesztese_TUV_2025.03.18._1.jpg&#8221; title_text=&#8221;B-METAL CL1 Zertifikat_Vas\u00fati J\u00e1rm\u0171vek \u00e9s r\u00e9szegys\u00e9geik hegeszt\u00e9se_T\u00dcV_2025.03.18._1&#8243; _builder_version=&#8221;4.27.4&#8243; _module_preset=&#8221;default&#8221; hover_enabled=&#8221;0&#8243; global_colors_info=&#8221;{}&#8221; sticky_enabled=&#8221;0&#8243;][\/et_pb_image][\/et_pb_column][\/et_pb_row][et_pb_row column_structure=&#8221;1_2,1_2&#8243; _builder_version=&#8221;4.17.4&#8243; _module_preset=&#8221;default&#8221; global_colors_info=&#8221;{}&#8221;][et_pb_column type=&#8221;1_2&#8243; _builder_version=&#8221;4.17.4&#8243; _module_preset=&#8221;default&#8221; global_colors_info=&#8221;{}&#8221;][et_pb_image src=&#8221;https:\/\/b-metal.hu\/wp-content\/uploads\/2024\/04\/MSZ-EN-ISO-3834-2-Tanusitvany_2027-01-31-ig.jpg&#8221; title_text=&#8221;MSZ-EN-ISO-3834-2-Tan\u00fas\u00edtv\u00e1ny_2027-01-31-ig&#8221; _builder_version=&#8221;4.24.3&#8243; _module_preset=&#8221;default&#8221; global_colors_info=&#8221;{}&#8221;][\/et_pb_image][\/et_pb_column][et_pb_column type=&#8221;1_2&#8243; _builder_version=&#8221;4.17.4&#8243; _module_preset=&#8221;default&#8221; global_colors_info=&#8221;{}&#8221;][et_pb_image src=&#8221;https:\/\/b-metal.hu\/wp-content\/uploads\/2024\/04\/MSZ-EN-ISO-3834-2-Zertifikat_2024-01-31.jpg&#8221; title_text=&#8221;MSZ-EN-ISO-3834-2-Zertifikat_2024-01-31&#8243; _builder_version=&#8221;4.24.3&#8243; _module_preset=&#8221;default&#8221; global_colors_info=&#8221;{}&#8221;][\/et_pb_image][\/et_pb_column][\/et_pb_row][\/et_pb_section]<\/p>\n","protected":false},"excerpt":{"rendered":"<p>Min\u0151s\u00e9gbiztos\u00edt\u00e1sMin\u0151s\u00e9gpolitikaA B-METAL KFT vezet\u0151s\u00e9ge elk\u00f6telezte mag\u00e1t, hogy min\u0151s\u00e9gir\u00e1ny\u00edt\u00e1si rendszer\u00e9ben az \u00faj MSZ EN ISO 9001:2015 szabv\u00e1nyt bevezeti \u00e9s annak el\u0151\u00edr\u00e1sait k\u00f6vetve m\u0171k\u00f6dteti. Ezzel \u00f6sszef\u00fcgg\u00e9sben hirdeti meg min\u0151s\u00e9gpolitik\u00e1j\u00e1t: Vev\u0151ink el\u00e9gedetts\u00e9g\u00e9nek el\u00e9r\u00e9se, megtart\u00e1sa \u00e9s n\u00f6vel\u00e9se \u00e9rdek\u00e9ben gy\u00e1rt\u00e1si \u00e9s kereskedelmi tev\u00e9kenys\u00e9g\u00fcnkben a min\u0151s\u00e9gi munkav\u00e9gz\u00e9st els\u0151dleges c\u00e9lnak tekintj\u00fck. Ennek megval\u00f3s\u00edt\u00e1s\u00e1hoz eszk\u00f6z az MSZ EN ISO 9001:2015 szabv\u00e1ny szerinti min\u0151s\u00e9gir\u00e1ny\u00edt\u00e1si rendszer bevezet\u00e9se, fenntart\u00e1sa \u00e9s fejleszt\u00e9se. A megk\u00edv\u00e1nt min\u0151s\u00e9g biztos\u00edt\u00e1sa \u00e9rdek\u00e9ben ellen\u0151rizz\u00fck \u00e9s dokument\u00e1ljuk tev\u00e9kenys\u00e9g\u00fcnk teljes folyamat\u00e1t. Folyamatosan t\u00f6reksz\u00fcnk vev\u0151i ig\u00e9nyek min\u00e9l pontosabb megismer\u00e9s\u00e9re, v\u00e1ltoz\u00e1sainak k\u00f6vet\u00e9s\u00e9re. K\u00fcl\u00f6n\u00f6sen nagy hangs\u00falyt helyez\u00fcnk a rendszeres min\u0151s\u00e9gir\u00e1ny\u00edt\u00e1si \u00e9s szakmai tov\u00e1bbk\u00e9pz\u00e9sek megszervez\u00e9s\u00e9re, hogy minden munkat\u00e1rsunkban fejlessz\u00fck a min\u0151s\u00e9gtudatot, a min\u0151s\u00e9g ir\u00e1nti elk\u00f6telezetts\u00e9get, valamint a szakmai hozz\u00e1\u00e9rt\u00e9st, ig\u00e9nyess\u00e9get. Elv\u00e1rjuk ugyanakkor minden munkav\u00e1llal\u00f3nkt\u00f3l, illetve sz\u00e1munkra k\u00fcls\u0151 szolg\u00e1ltat\u00e1st ny\u00fajt\u00f3 munkat\u00e1rsainkt\u00f3l, hogy munk\u00e1ja min\u0151s\u00e9g\u00e9t folyamatosan jav\u00edtsa, eredm\u00e9nyes egy\u00fcttm\u0171k\u00f6d\u00e9s\u00e9vel el\u0151seg\u00edtse a hat\u00e9kony munkav\u00e9gz\u00e9st. Minden munkav\u00e1llal\u00f3nk saj\u00e1t nev\u00e9vel is v\u00e1llalja munk\u00e1ja min\u0151s\u00e9g\u00e9\u00e9rt a felel\u0151ss\u00e9get. Szerz\u0151d\u00e9ses kapcsolatainkban biztos\u00edtjuk a min\u0151s\u00e9gi k\u00f6vetelm\u00e9nyek meghat\u00e1roz\u00e1s\u00e1t, a besz\u00e1ll\u00edt\u00f3inkt\u00f3l elv\u00e1rjuk az el\u0151\u00edrt min\u0151s\u00e9g folyamatos teljes\u00edt\u00e9s\u00e9t, kiv\u00e1laszt\u00e1sukn\u00e1l az elv\u00e1rt min\u0151s\u00e9g biztos\u00edt\u00e1sa els\u0151dleges c\u00e9l. A rendszer \u00e1ltal biztos\u00edtott megfelel\u0151ss\u00e9g eset\u00e9n versenyk\u00e9pess\u00e9g\u00fcnk \u00e9s piaci alkalmazkod\u00f3 k\u00e9pess\u00e9g\u00fcnk javul\u00e1s\u00e1val sz\u00e1molunk, mely egy\u00fattal gazd\u00e1lkod\u00e1sunk stabilit\u00e1s\u00e1ban \u00e9s eredm\u00e9nyeiben is kell, hogy t\u00fckr\u00f6z\u0151dj\u00f6n. Min\u0151s\u00e9gir\u00e1ny\u00edt\u00e1si rendszer\u00fcnk k\u00fcls\u0151 megismertet\u00e9se \u00e9rdek\u00e9ben min\u0151s\u00e9gpolitik\u00e1nkat \u00e9s a min\u0151s\u00e9gir\u00e1ny\u00edt\u00e1si rendszer kapcs\u00e1n el\u00e9rt eredm\u00e9nyeinket a vev\u0151k\u00f6rrel megismertetj\u00fck. Min\u0151s\u00e9gir\u00e1ny\u00edt\u00e1si rendszer\u00fcnk [&hellip;]<\/p>\n","protected":false},"author":1,"featured_media":0,"parent":0,"menu_order":0,"comment_status":"closed","ping_status":"closed","template":"","meta":{"_seopress_robots_primary_cat":"","_seopress_titles_title":"","_seopress_titles_desc":"","_seopress_robots_index":"","_seopress_analysis_target_kw":"","_et_pb_use_builder":"on","_et_pb_old_content":"","_et_gb_content_width":"","footnotes":""},"class_list":["post-432","page","type-page","status-publish","hentry"],"_links":{"self":[{"href":"https:\/\/b-metal.hu\/en\/wp-json\/wp\/v2\/pages\/432","targetHints":{"allow":["GET"]}}],"collection":[{"href":"https:\/\/b-metal.hu\/en\/wp-json\/wp\/v2\/pages"}],"about":[{"href":"https:\/\/b-metal.hu\/en\/wp-json\/wp\/v2\/types\/page"}],"author":[{"embeddable":true,"href":"https:\/\/b-metal.hu\/en\/wp-json\/wp\/v2\/users\/1"}],"replies":[{"embeddable":true,"href":"https:\/\/b-metal.hu\/en\/wp-json\/wp\/v2\/comments?post=432"}],"version-history":[{"count":2,"href":"https:\/\/b-metal.hu\/en\/wp-json\/wp\/v2\/pages\/432\/revisions"}],"predecessor-version":[{"id":847,"href":"https:\/\/b-metal.hu\/en\/wp-json\/wp\/v2\/pages\/432\/revisions\/847"}],"wp:attachment":[{"href":"https:\/\/b-metal.hu\/en\/wp-json\/wp\/v2\/media?parent=432"}],"curies":[{"name":"wp","href":"https:\/\/api.w.org\/{rel}","templated":true}]}}